{"id":194,"date":"2023-03-20T09:34:08","date_gmt":"2023-03-20T09:34:08","guid":{"rendered":"https:\/\/baltictravel.ee\/?page_id=194"},"modified":"2023-03-31T10:20:18","modified_gmt":"2023-03-31T10:20:18","slug":"baltiasta","status":"publish","type":"page","link":"https:\/\/baltictravel.ee\/fi\/baltiasta\/","title":{"rendered":"Baltiasta"},"content":{"rendered":"\n<p class=\"has-text-align-center has-medium-font-size wp-el\"><strong>Baltian maiden l\u00e4pi kulkee Eurooppatie E67, jonka Baltian maissa sijaitseva osuus tunnetaan my\u00f6s nimell\u00e4 Via Baltica.<br>Tie kulkee reitti\u00e4 Helsinki \u2013 Tallinna \u2013 Riika \u2013 Panevezys \u2013 Kaunas \u2013 Varsova \u2013 Praha.<\/strong><\/p>\n\n\n<div class=\"ama-block block-txtmedia has-text-align-left\"><div class=\"block-txtmedia__content\" data-animate=\"T_FADE_RIGHT\"><div class=\"acf-innerblocks-container\">\n\n<h2 class=\"wp-block-heading wp-el\">VIRO<\/h2>\n\n\n\n<p class=\"wp-el\">Viron pinta-alasta noin 50 % on mets\u00e4\u00e4 ja siin\u00e4 on yli 2000 saarta.<\/p>\n\n\n\n<p class=\"wp-el\">Viron tasavalta on Euroopan unionin j\u00e4senvaltio, joka sijaitsee Pohjois-Euroopassa It\u00e4meren it\u00e4rannalla Suomenlahden etel\u00e4puolella Baltiassa.<\/p>\n\n\n\n<p class=\"wp-el\">Virolla on maaraja Ven\u00e4j\u00e4n ja Latvian kanssa.<\/p>\n\n\n\n<p class=\"wp-el\">Virossa on 1 329 000 asukasta, joista noin kolmannes asuu p\u00e4\u00e4kaupungissa Tallinnassa. P\u00e4\u00e4osan maan asukkaista muodostavat virolaiset, ja merkitt\u00e4v\u00e4 v\u00e4hemmist\u00f6 on vironven\u00e4l\u00e4iset.<\/p>\n\n\n\n<p class=\"wp-el\">Viro julistautui itsen\u00e4iseksi 20. elokuuta 1991, kun Neuvostoliitossa tapahtui kommunistien ep\u00e4onnistunut vallankaappausyritys.<\/p>\n\n\n\n<p class=\"wp-el\">Viron p\u00e4\u00e4kaupunki Tallinna on yksi Pohjois-Euroopan parhaiten s\u00e4ilyneist\u00e4 keskiaikaisista kaupungeista.<\/p>\n\n\n\n<p class=\"wp-el\">Tallinnan j\u00e4lkeen suurimpia kaupunkeja ovat yliopistokaupunki Tartto, teollisuuskaupungit Narva ja Kohtla-J\u00e4rve sek\u00e4 kes\u00e4kaupunki P\u00e4rnu.<\/p>\n\n<\/div><\/div><div class=\"block-txtmedia__media\" data-animate=\"T_FADE_LEFT\"><div class=\"splide\" data-splide={\"type\":\"fade\",\"pagination\":false}><div class=\"splide__track\"><ul class=\"splide__list\"><li class=\"splide__slide\"><a href=\"https:\/\/baltictravel.ee\/wp-content\/uploads\/2023\/03\/Estonia.jpg\" data-fancybox=\"txtmedia-block_6426b3e1d547f\"><img decoding=\"async\" width=\"640\" height=\"480\" src=\"https:\/\/baltictravel.ee\/wp-content\/uploads\/2023\/03\/Estonia.jpg\" class=\"attachment-img-640x480 size-img-640x480\" alt=\"\" \/><\/a><\/li><\/ul><\/div><div class=\"splide__arrows hide-arrows\"><button class=\"splide__arrow splide__arrow--prev\"><svg xmlns=\"http:\/\/www.w3.org\/2000\/svg\" width=\"20\" height=\"16\" viewBox=\"0 0 20 16\"><path d=\"M8269.068-578.337a1.118,1.118,0,0,0,0-1.614l-5.052-4.906h14.808A1.159,1.159,0,0,0,8280-586a1.161,1.161,0,0,0-1.176-1.142h-14.8l5.048-4.9a1.123,1.123,0,0,0,0-1.618,1.2,1.2,0,0,0-1.663,0l-7.061,6.859A1.122,1.122,0,0,0,8260-586a1.119,1.119,0,0,0,.345.807l7.061,6.856a1.185,1.185,0,0,0,.834.337A1.185,1.185,0,0,0,8269.068-578.337Z\" transform=\"translate(-8260 594)\" fill=\"currentColor\"\/><\/svg><\/button><button class=\"splide__arrow splide__arrow--next\"><svg xmlns=\"http:\/\/www.w3.org\/2000\/svg\" width=\"20\" height=\"16\" viewBox=\"0 0 20 16\"><path d=\"M8270.932-578.337a1.118,1.118,0,0,1,0-1.614l5.052-4.906h-14.808A1.159,1.159,0,0,1,8260-586a1.161,1.161,0,0,1,1.176-1.142h14.8l-5.048-4.9a1.123,1.123,0,0,1,0-1.618,1.2,1.2,0,0,1,1.663,0l7.061,6.859A1.122,1.122,0,0,1,8280-586a1.119,1.119,0,0,1-.345.807l-7.061,6.856a1.185,1.185,0,0,1-.834.337A1.185,1.185,0,0,1,8270.932-578.337Z\" transform=\"translate(-8260 594)\" fill=\"currentColor\"\/><\/svg><\/button><\/div><\/div><\/div><\/div>\n\n<div class=\"ama-block block-txtmedia has-text-align-left reverse-order\"><div class=\"block-txtmedia__content\" data-animate=\"T_FADE_LEFT\"><div class=\"acf-innerblocks-container\">\n\n<h2 class=\"wp-block-heading wp-el\">LATVIA<\/h2>\n\n\n\n<p class=\"wp-el\">It\u00e4meren rannalla sijaitseva Latvia itsen\u00e4istyi 1991, yhdess\u00e4 naapurimaidensa Viron ja Liettuan kanssa. Jo ennen Neuvostoliiton aikaa Latvian alue, Liivinmaa ja Kuurinmaa, oli vaihtelevasti niin Puolan, Ruotsin kuin Saksankin vallan alla. Latvia oli kuitenkin itsen\u00e4inen vuodesta 1918 vuoteen 1940. Latvian kulttuuriin maan sijainti l\u00e4nnen ja id\u00e4n v\u00e4liss\u00e4 on j\u00e4tt\u00e4nyt j\u00e4lkens\u00e4.<\/p>\n\n\n\n<p class=\"wp-el\">Latvia liittyi Euroopan Unioniin vuonna 2004. Valuuttana maassa on euro ja hintataso on edullinen. Latvian virallinen kieli on latvia.<\/p>\n\n\n\n<p class=\"wp-el\">Riika on tunnettu upeasta arkkitehtuuristaan, vanhakaupunki on Unescon maailmanperint\u00f6listalla yhten\u00e4 parhaiten s\u00e4ilyneist\u00e4 jugend-tyylin kaupungeista. Riiasta l\u00f6ytyy my\u00f6s useita upeita kirkkoja ja mm Mustap\u00e4iden talo, josta joulukuusi-perinteen sanotaan saaneen alkunsa. Latvian yliopisto, jossa nykyisin my\u00f6s monet suomalaiset opiskelevat, sijaitsee my\u00f6s Riiassa.<\/p>\n\n\n\n<p class=\"wp-el\">P\u00e4\u00e4kaupungista Riiasta runsaan puolen tunnin ajomatkan p\u00e4\u00e4ss\u00e4 sijaitsee J\u016brmala. T\u00e4\u00e4ll\u00e4 on noin 25 kilometri\u00e4 valkoista, hienoa hiekkarantaa sek\u00e4 kylpyl\u00f6it\u00e4. Kylpyl\u00f6ist\u00e4 l\u00f6ytyy esim turve- ja j\u00e4rvimutahoitoja tavallisempien spa-hoitojen lis\u00e4ksi. Hotelleissa ja kaupungilla on my\u00f6s hyv\u00e4t ostos- ja ruokailumahdollisuudet.<\/p>\n\n\n\n<p class=\"wp-el\">Latvian suurimmat kaupungit ovat: Riika, Daugavpils, Liep\u00e3ja, Jelgava, J\u016brmala, Ventspils, R\u0113zekne, Valmiera, J\u0113kabpils.<\/p>\n\n<\/div><\/div><div class=\"block-txtmedia__media\" data-animate=\"T_FADE_RIGHT\"><div class=\"splide\" data-splide={\"type\":\"fade\",\"pagination\":false}><div class=\"splide__track\"><ul class=\"splide__list\"><li class=\"splide__slide\"><a href=\"https:\/\/baltictravel.ee\/wp-content\/uploads\/2023\/03\/Latvia-1660x1108.jpg\" data-fancybox=\"txtmedia-block_6426b3e1d5498\"><img decoding=\"async\" width=\"640\" height=\"480\" src=\"https:\/\/baltictravel.ee\/wp-content\/uploads\/2023\/03\/Latvia-640x480.jpg\" class=\"attachment-img-640x480 size-img-640x480\" alt=\"\" \/><\/a><\/li><\/ul><\/div><div class=\"splide__arrows hide-arrows\"><button class=\"splide__arrow splide__arrow--prev\"><svg xmlns=\"http:\/\/www.w3.org\/2000\/svg\" width=\"20\" height=\"16\" viewBox=\"0 0 20 16\"><path d=\"M8269.068-578.337a1.118,1.118,0,0,0,0-1.614l-5.052-4.906h14.808A1.159,1.159,0,0,0,8280-586a1.161,1.161,0,0,0-1.176-1.142h-14.8l5.048-4.9a1.123,1.123,0,0,0,0-1.618,1.2,1.2,0,0,0-1.663,0l-7.061,6.859A1.122,1.122,0,0,0,8260-586a1.119,1.119,0,0,0,.345.807l7.061,6.856a1.185,1.185,0,0,0,.834.337A1.185,1.185,0,0,0,8269.068-578.337Z\" transform=\"translate(-8260 594)\" fill=\"currentColor\"\/><\/svg><\/button><button class=\"splide__arrow splide__arrow--next\"><svg xmlns=\"http:\/\/www.w3.org\/2000\/svg\" width=\"20\" height=\"16\" viewBox=\"0 0 20 16\"><path d=\"M8270.932-578.337a1.118,1.118,0,0,1,0-1.614l5.052-4.906h-14.808A1.159,1.159,0,0,1,8260-586a1.161,1.161,0,0,1,1.176-1.142h14.8l-5.048-4.9a1.123,1.123,0,0,1,0-1.618,1.2,1.2,0,0,1,1.663,0l7.061,6.859A1.122,1.122,0,0,1,8280-586a1.119,1.119,0,0,1-.345.807l-7.061,6.856a1.185,1.185,0,0,1-.834.337A1.185,1.185,0,0,1,8270.932-578.337Z\" transform=\"translate(-8260 594)\" fill=\"currentColor\"\/><\/svg><\/button><\/div><\/div><\/div><\/div>\n\n<div class=\"ama-block block-txtmedia has-text-align-left\"><div class=\"block-txtmedia__content\" data-animate=\"T_FADE_RIGHT\"><div class=\"acf-innerblocks-container\">\n\n<h2 class=\"wp-block-heading wp-el\">LIETTUA<\/h2>\n\n\n\n<p class=\"wp-el\">Liettua on pinta-alaltaan pieni, mutta keskiajalla Liettuan suuriruhtinaskunta oli Euroopan suurimpia valtiota ulottuen It\u00e4merelt\u00e4 Mustallemerelle.<\/p>\n\n\n\n<p class=\"wp-el\">Itsen\u00e4iseksi Liettuan tasavalta julistautui jo kev\u00e4\u00e4ll\u00e4 1990, mutta vasta syyskuussa 1991 Ven\u00e4j\u00e4 tunnusti Liettuan itsen\u00e4isyyden. Liettua oli itsen\u00e4inen jo aiemmin, maailmansotien v\u00e4lisen ajan mutta Neuvostoliitto miehitti kaikki kolme Baltian maata 1940.<\/p>\n\n\n\n<p class=\"wp-el\">Liettua liittyi Euroopan Unioniin vuonna 2004 ja vuoden 2015 alusta Liettuan valuuttana on ollut euro. My\u00f6s Liettualla on oma virallinen kielens\u00e4, liettua. Liettuan suurin uskonto on roomalaiskatolilaisuus.<\/p>\n\n\n\n<p class=\"wp-el\">Kuurinkynn\u00e4s on alue, jonka Liettua jakaa edelleen Ven\u00e4j\u00e4n kanssa. T\u00e4m\u00e4n kapean niemimaan pohjoisosa on Liettuan, etel\u00e4osa Ven\u00e4j\u00e4n Kaliningradin aluetta. Korkeat hiekkadyynit ja metsik\u00f6t muodostavat ainutlaatuisen luontokokonaisuuden, joka on niin matkailijoiden kuin muuttolintujenkin lev\u00e4hdyspaikka.<\/p>\n\n\n\n<p class=\"wp-el\">Liettuan suurimmat kaupungit ovat: Vilna, Kaunas, Klaip\u00e9da, \u0160iauliai, Panev\u00e9zys, Alytus, Marijampol\u00e9, Ma\u017eeikiai.<\/p>\n\n<\/div><\/div><div class=\"block-txtmedia__media\" data-animate=\"T_FADE_LEFT\"><div class=\"splide\" data-splide={\"type\":\"fade\",\"pagination\":false}><div class=\"splide__track\"><ul class=\"splide__list\"><li class=\"splide__slide\"><a href=\"https:\/\/baltictravel.ee\/wp-content\/uploads\/2023\/03\/Lithuania.jpg\" data-fancybox=\"txtmedia-block_6426b3e1d54a8\"><img decoding=\"async\" width=\"640\" height=\"480\" src=\"https:\/\/baltictravel.ee\/wp-content\/uploads\/2023\/03\/Lithuania.jpg\" class=\"attachment-img-640x480 size-img-640x480\" alt=\"\" \/><\/a><\/li><\/ul><\/div><div class=\"splide__arrows hide-arrows\"><button class=\"splide__arrow splide__arrow--prev\"><svg xmlns=\"http:\/\/www.w3.org\/2000\/svg\" width=\"20\" height=\"16\" viewBox=\"0 0 20 16\"><path d=\"M8269.068-578.337a1.118,1.118,0,0,0,0-1.614l-5.052-4.906h14.808A1.159,1.159,0,0,0,8280-586a1.161,1.161,0,0,0-1.176-1.142h-14.8l5.048-4.9a1.123,1.123,0,0,0,0-1.618,1.2,1.2,0,0,0-1.663,0l-7.061,6.859A1.122,1.122,0,0,0,8260-586a1.119,1.119,0,0,0,.345.807l7.061,6.856a1.185,1.185,0,0,0,.834.337A1.185,1.185,0,0,0,8269.068-578.337Z\" transform=\"translate(-8260 594)\" fill=\"currentColor\"\/><\/svg><\/button><button class=\"splide__arrow splide__arrow--next\"><svg xmlns=\"http:\/\/www.w3.org\/2000\/svg\" width=\"20\" height=\"16\" viewBox=\"0 0 20 16\"><path d=\"M8270.932-578.337a1.118,1.118,0,0,1,0-1.614l5.052-4.906h-14.808A1.159,1.159,0,0,1,8260-586a1.161,1.161,0,0,1,1.176-1.142h14.8l-5.048-4.9a1.123,1.123,0,0,1,0-1.618,1.2,1.2,0,0,1,1.663,0l7.061,6.859A1.122,1.122,0,0,1,8280-586a1.119,1.119,0,0,1-.345.807l-7.061,6.856a1.185,1.185,0,0,1-.834.337A1.185,1.185,0,0,1,8270.932-578.337Z\" transform=\"translate(-8260 594)\" fill=\"currentColor\"\/><\/svg><\/button><\/div><\/div><\/div><\/div>","protected":false},"excerpt":{"rendered":"<p>Baltian maiden l\u00e4pi kulkee Eurooppatie E67, jonka Baltian maissa sijaitseva osuus tunnetaan my\u00f6s nimell\u00e4 Via Baltica.Tie kulkee reitti\u00e4 Helsinki \u2013&#8230;<\/p>\n","protected":false},"author":1,"featured_media":0,"parent":0,"menu_order":40,"comment_status":"closed","ping_status":"closed","template":"","meta":{"_acf_changed":false,"inline_featured_image":false,"footnotes":""},"class_list":["post-194","page","type-page","status-publish","hentry"],"acf":[],"_links":{"self":[{"href":"https:\/\/baltictravel.ee\/fi\/wp-json\/wp\/v2\/pages\/194","targetHints":{"allow":["GET"]}}],"collection":[{"href":"https:\/\/baltictravel.ee\/fi\/wp-json\/wp\/v2\/pages"}],"about":[{"href":"https:\/\/baltictravel.ee\/fi\/wp-json\/wp\/v2\/types\/page"}],"author":[{"embeddable":true,"href":"https:\/\/baltictravel.ee\/fi\/wp-json\/wp\/v2\/users\/1"}],"replies":[{"embeddable":true,"href":"https:\/\/baltictravel.ee\/fi\/wp-json\/wp\/v2\/comments?post=194"}],"version-history":[{"count":5,"href":"https:\/\/baltictravel.ee\/fi\/wp-json\/wp\/v2\/pages\/194\/revisions"}],"predecessor-version":[{"id":272,"href":"https:\/\/baltictravel.ee\/fi\/wp-json\/wp\/v2\/pages\/194\/revisions\/272"}],"wp:attachment":[{"href":"https:\/\/baltictravel.ee\/fi\/wp-json\/wp\/v2\/media?parent=194"}],"curies":[{"name":"wp","href":"https:\/\/api.w.org\/{rel}","templated":true}]}}