{"id":188,"date":"2023-03-20T09:32:35","date_gmt":"2023-03-20T09:32:35","guid":{"rendered":"https:\/\/baltictravel.ee\/?page_id=188"},"modified":"2023-03-22T08:54:04","modified_gmt":"2023-03-22T08:54:04","slug":"muut-palvelut","status":"publish","type":"page","link":"https:\/\/baltictravel.ee\/fi\/muut-palvelut\/","title":{"rendered":"Muut palvelut"},"content":{"rendered":"\n<p class=\"wp-el\"><strong>Tarjoamme:<\/strong><\/p>\n\n\n\n<ul class=\"wp-el wp-block-list\">\n<li>kuljetusta minibusseista isoihin turistibusseihiin.<\/li>\n\n\n\n<li>opaspalvelua (suomenkielinen opas)<\/li>\n\n\n\n<li>laivalippuja (Tallink, Ecker\u00f6, Viking).<\/li>\n<\/ul>\n\n\n\n<figure class=\"wp-block-image size-full is-resized\"><img decoding=\"async\" src=\"https:\/\/baltictravel.ee\/wp-content\/uploads\/2023\/03\/tallink_logo.jpg\" alt=\"\" class=\"wp-image-220\" width=\"300\" height=\"91\"\/><\/figure>\n\n\n\n<p class=\"wp-el\"><strong>TALLINK &#8211; Tallink Silja Oy<\/strong> on osa AS Tallink Gruppia, joka on yksi It\u00e4meren alueen suurimmista matkustaja- ja rahtiliikennevarustamoista. Yhti\u00f6 liikenn\u00f6i laivoja Silja Line -br\u00e4ndin alla Helsingist\u00e4 ja Turusta Ahvenanmaan kautta Tukholmaan. Lis\u00e4ksi Tallink Silja Oy myy v\u00e4litt\u00e4j\u00e4n\u00e4 AS Tallink Gruppin operoimia laivoja, jotka liikenn\u00f6iv\u00e4t Tallink-br\u00e4ndin alla mm. reitill\u00e4 Helsingist\u00e4 Tallinnaan.<br>Tallink Silja Oy toimii Helsingiss\u00e4 ja Turussa sek\u00e4 tyt\u00e4ryhti\u00f6 Sally Ab Maarianhaminassa. Yritys ty\u00f6llist\u00e4\u00e4 maalla noin 250 ja merell\u00e4 noin 700 henkil\u00f6\u00e4.<br>AS Tallink Grupp on listattu Tallinnan p\u00f6rssiss\u00e4 vuodesta 2005 ja Helsingin p\u00f6rssiss\u00e4 joulukuusta 2018 alkaen. Sijoittajaviestinn\u00e4st\u00e4 vastaa AS Tallink Grupp.<\/p>\n\n\n\n<figure class=\"wp-block-image size-full is-resized\"><img decoding=\"async\" src=\"https:\/\/baltictravel.ee\/wp-content\/uploads\/2023\/03\/eckero-linjen.png\" alt=\"\" class=\"wp-image-223\" width=\"300\" height=\"167\"\/><\/figure>\n\n\n\n<p class=\"wp-el\"><strong>ECKER\u00d6 LINE<\/strong> &#8211; Ecker\u00f6 Line on Suomen lipun alla liikenn\u00f6iv\u00e4 laivayhti\u00f6 Suomenlahdella Helsingist\u00e4 Tallinnaan, aluksillaan m\/s Finlandia ja Finbo Cargo. M\/s Finlandia liikenn\u00f6i Helsingin L\u00e4nsisatamasta, L\u00e4nsiterminaali 2:sta ja Finbo Cargo liikenn\u00f6i Helsingin Vuosaaresta. Toimintamme suuntautuu sek\u00e4 rahti- ett\u00e4 matkustajareittiliikenteeseen.<br>Yhti\u00f6mme on perustettu vuonna 1994. Olemme monialapalveluyritys, jonka tarjontaan kuuluu matkapakettitarjonta, myym\u00e4l\u00e4- ja ravintolatarjonta, kokous- ja ryhm\u00e4tuotteet sek\u00e4 hotellipaketit ja rahti.<br>Suomalaisena yhti\u00f6n\u00e4 toimintamme perustuu suomalaisuuteen, suomalaisiin palveluihin ja osaamiseen. Ty\u00f6ntekij\u00e4t ovat suomalaisten ty\u00f6ehtosopimusten piiriss\u00e4 ty\u00f6skentelevi\u00e4 ammattilaisia ja Ecker\u00f6 Linella on suomalaisen ty\u00f6n avainlipputunnus.<\/p>\n\n\n\n<div style=\"height:30px\" aria-hidden=\"true\" class=\"wp-block-spacer\"><\/div>\n\n\n\n<figure class=\"wp-block-image size-large is-resized\"><img decoding=\"async\" src=\"https:\/\/baltictravel.ee\/wp-content\/uploads\/2023\/03\/Viking_Line-1660x189.png\" alt=\"\" class=\"wp-image-226\" width=\"300\" height=\"34\"\/><\/figure>\n\n\n\n<p class=\"wp-el\"><strong>VIKING LINE<\/strong> &#8211; Viking Line harjoittaa aluksillaan Gabriella, Viking Cinderella, Viking Glory, Viking Grace ja Viking XPRS risteily- ja lauttaliikennett\u00e4.<br>Viking Line on liikenn\u00f6intialueen johtava tavaramerkki ja ensisijainen valinta kaikille, jotka etsiv\u00e4t kuljetusta ja el\u00e4myksi\u00e4.<\/p>\n","protected":false},"excerpt":{"rendered":"<p>Tarjoamme: TALLINK &#8211; Tallink Silja Oy on osa AS Tallink Gruppia, joka on yksi It\u00e4meren alueen suurimmista matkustaja- ja rahtiliikennevarustamoista&#8230;.<\/p>\n","protected":false},"author":1,"featured_media":0,"parent":0,"menu_order":30,"comment_status":"closed","ping_status":"closed","template":"","meta":{"_acf_changed":false,"inline_featured_image":false,"footnotes":""},"class_list":["post-188","page","type-page","status-publish","hentry"],"acf":[],"_links":{"self":[{"href":"https:\/\/baltictravel.ee\/fi\/wp-json\/wp\/v2\/pages\/188","targetHints":{"allow":["GET"]}}],"collection":[{"href":"https:\/\/baltictravel.ee\/fi\/wp-json\/wp\/v2\/pages"}],"about":[{"href":"https:\/\/baltictravel.ee\/fi\/wp-json\/wp\/v2\/types\/page"}],"author":[{"embeddable":true,"href":"https:\/\/baltictravel.ee\/fi\/wp-json\/wp\/v2\/users\/1"}],"replies":[{"embeddable":true,"href":"https:\/\/baltictravel.ee\/fi\/wp-json\/wp\/v2\/comments?post=188"}],"version-history":[{"count":3,"href":"https:\/\/baltictravel.ee\/fi\/wp-json\/wp\/v2\/pages\/188\/revisions"}],"predecessor-version":[{"id":230,"href":"https:\/\/baltictravel.ee\/fi\/wp-json\/wp\/v2\/pages\/188\/revisions\/230"}],"wp:attachment":[{"href":"https:\/\/baltictravel.ee\/fi\/wp-json\/wp\/v2\/media?parent=188"}],"curies":[{"name":"wp","href":"https:\/\/api.w.org\/{rel}","templated":true}]}}