{"id":173,"date":"2023-03-20T09:30:41","date_gmt":"2023-03-20T09:30:41","guid":{"rendered":"https:\/\/baltictravel.ee\/?page_id=173"},"modified":"2023-03-22T08:48:35","modified_gmt":"2023-03-22T08:48:35","slug":"yrityksesta","status":"publish","type":"page","link":"https:\/\/baltictravel.ee\/fi\/yrityksesta\/","title":{"rendered":"Yrityksest\u00e4"},"content":{"rendered":"\n<p class=\"wp-el\">Olemme Virolainen ammattitaitoinen matkanj\u00e4rjest\u00e4j\u00e4 ja toimineet jo vuodesta 1991. P\u00e4\u00e4asiassa j\u00e4rjest\u00e4mme kiertomatkoja Viroon ja Baltiaan. Asiakkaan halutessa my\u00f6s muihin maihin. Kiertomatkojen lis\u00e4ksi on meill\u00e4 paljon kokemuksia my\u00f6s erikoismatkojen j\u00e4rjestyksess\u00e4. Meilt\u00e4 voit varata kulttuurimatkoja teattereihin, ooppereihin tai festivaaleihin, leirikoulumatkoja, luontomatkoja, golfmatkoja, polkumatkoja jms.<br>J\u00e4rjest\u00e4mme my\u00f6s teille sopivan kokousmatkan.<\/p>\n\n\n\n<h3 class=\"wp-el wp-block-heading\">Kuuluumme Viron Matkatoimistoalan yhdistykseen.<\/h3>\n\n\n\n<figure class=\"wp-block-image size-large is-resized\"><img decoding=\"async\" src=\"https:\/\/baltictravel.ee\/wp-content\/uploads\/2023\/03\/RBL-logo_page-0001-1660x712.jpg\" alt=\"\" class=\"wp-image-215\" width=\"415\" height=\"178\"\/><\/figure>\n\n\n\n<p class=\"wp-el\">J\u00e4rjest\u00e4mme juuri Sinun toiveiden mukaan matkoja joko yksityishenkil\u00f6ille tai ryhmille. Tarjoamme my\u00f6s muita palveluja \u2013 hotellimajoitusta, laivalippuja, kuljetuspalveluita, kokusmatkoja, opastuksia, ryhm\u00e4ruokailuja, teatteri-, konsertti- sek\u00e4 festivaalilippuja jms. Meill\u00e4 on hyv\u00e4t sopimussuhteet Viron, Latvian ja Liettuan hotelleihin.<\/p>\n","protected":false},"excerpt":{"rendered":"<p>Olemme Virolainen ammattitaitoinen matkanj\u00e4rjest\u00e4j\u00e4 ja toimineet jo vuodesta 1991. P\u00e4\u00e4asiassa j\u00e4rjest\u00e4mme kiertomatkoja Viroon ja Baltiaan. Asiakkaan halutessa my\u00f6s muihin maihin&#8230;.<\/p>\n","protected":false},"author":1,"featured_media":0,"parent":0,"menu_order":10,"comment_status":"closed","ping_status":"closed","template":"","meta":{"_acf_changed":false,"inline_featured_image":false,"footnotes":""},"class_list":["post-173","page","type-page","status-publish","hentry"],"acf":[],"_links":{"self":[{"href":"https:\/\/baltictravel.ee\/fi\/wp-json\/wp\/v2\/pages\/173","targetHints":{"allow":["GET"]}}],"collection":[{"href":"https:\/\/baltictravel.ee\/fi\/wp-json\/wp\/v2\/pages"}],"about":[{"href":"https:\/\/baltictravel.ee\/fi\/wp-json\/wp\/v2\/types\/page"}],"author":[{"embeddable":true,"href":"https:\/\/baltictravel.ee\/fi\/wp-json\/wp\/v2\/users\/1"}],"replies":[{"embeddable":true,"href":"https:\/\/baltictravel.ee\/fi\/wp-json\/wp\/v2\/comments?post=173"}],"version-history":[{"count":2,"href":"https:\/\/baltictravel.ee\/fi\/wp-json\/wp\/v2\/pages\/173\/revisions"}],"predecessor-version":[{"id":218,"href":"https:\/\/baltictravel.ee\/fi\/wp-json\/wp\/v2\/pages\/173\/revisions\/218"}],"wp:attachment":[{"href":"https:\/\/baltictravel.ee\/fi\/wp-json\/wp\/v2\/media?parent=173"}],"curies":[{"name":"wp","href":"https:\/\/api.w.org\/{rel}","templated":true}]}}